{"id":14103,"date":"2026-02-26T00:29:09","date_gmt":"2026-02-26T00:29:09","guid":{"rendered":"https:\/\/vbapartners.com\/?page_id=14103"},"modified":"2026-02-26T00:57:35","modified_gmt":"2026-02-26T00:57:35","slug":"case-studies","status":"publish","type":"page","link":"https:\/\/vbapartners.com\/fr\/case-studies\/","title":{"rendered":"Case Studies"},"content":{"rendered":"<div data-elementor-type=\"wp-page\" data-elementor-id=\"14103\" class=\"elementor elementor-14103\" data-elementor-post-type=\"page\">\n\t\t\t\t<div class=\"elementor-element elementor-element-74df63d e-flex e-con-boxed e-con e-parent\" data-id=\"74df63d\" data-element_type=\"container\" data-e-type=\"container\">\n\t\t\t\t\t<div class=\"e-con-inner\">\n\t\t\t\t<div class=\"elementor-element elementor-element-0ac2572 elementor-widget elementor-widget-breadcrumbs\" data-id=\"0ac2572\" data-element_type=\"widget\" data-e-type=\"widget\" data-widget_type=\"breadcrumbs.default\">\n\t\t\t\t<div class=\"elementor-widget-container\">\n\t\t\t\t\t<nav aria-label=\"breadcrumbs\" class=\"rank-math-breadcrumb\"><p><span class=\"last\">Home<\/span><\/p><\/nav>\t\t\t\t<\/div>\n\t\t\t\t<\/div>\n\t\t\t\t<div class=\"elementor-element elementor-element-fd1f217 elementor-widget elementor-widget-html\" data-id=\"fd1f217\" data-element_type=\"widget\" data-e-type=\"widget\" data-widget_type=\"html.default\">\n\t\t\t\t<div class=\"elementor-widget-container\">\n\t\t\t\t\t<a class=\"vb-featured-wrap\" href=\"#\">\r\n  <span class=\"vb-featured-meta\">BOI Company \u00b7 Corporate Setup<\/span>\r\n  <h2 class=\"vb-featured-title\">Full BOI Application &amp; Company Registration for a European Tech Startup in Bangkok<\/h2>\r\n  <p class=\"vb-featured-excerpt\">A French software company needed 100% foreign ownership, BOI promotion approval, and work permits for five executives \u2014 all within four months before their regional launch deadline.<\/p>\r\n  <div class=\"vb-featured-stats\">\r\n    <div class=\"vb-featured-stat\">\r\n      <span class=\"vb-featured-stat-val\">4 Mo.<\/span>\r\n      <span class=\"vb-featured-stat-lbl\">BOI Approval<\/span>\r\n    <\/div>\r\n    <div class=\"vb-featured-stat\">\r\n      <span class=\"vb-featured-stat-val\">100%<\/span>\r\n      <span class=\"vb-featured-stat-lbl\">D\u00e9tention \u00e9trang\u00e8re \u00e0 100%<\/span>\r\n    <\/div>\r\n    <div class=\"vb-featured-stat\">\r\n      <span class=\"vb-featured-stat-val\">5<\/span>\r\n      <span class=\"vb-featured-stat-lbl\">Permis de Travail<\/span>\r\n    <\/div>\r\n    <div class=\"vb-featured-stat\">\r\n      <span class=\"vb-featured-stat-val\">8-Year<\/span>\r\n      <span class=\"vb-featured-stat-lbl\">Tax Holiday<\/span>\r\n    <\/div>\r\n  <\/div>\r\n  <span class=\"vb-featured-link\">Read Case Study<\/span>\r\n<\/a>\t\t\t\t<\/div>\n\t\t\t\t<\/div>\n\t\t<div class=\"elementor-element elementor-element-69d794f e-con-full e-flex e-con e-child\" data-id=\"69d794f\" data-element_type=\"container\" data-e-type=\"container\">\n\t\t<div class=\"elementor-element elementor-element-debb624 e-con-full e-flex e-con e-child\" data-id=\"debb624\" data-element_type=\"container\" data-e-type=\"container\">\n\t\t\t\t<div class=\"elementor-element elementor-element-8bb14dd elementor-widget elementor-widget-html\" data-id=\"8bb14dd\" data-element_type=\"widget\" data-e-type=\"widget\" data-widget_type=\"html.default\">\n\t\t\t\t<div class=\"elementor-widget-container\">\n\t\t\t\t\t<a class=\"vb-card-wrap\" href=\"#\">\r\n  <span class=\"vb-card-meta\">Service Area<\/span>\r\n  <h2 class=\"vb-card-title\">Case Study Title Goes Here<\/h2>\r\n  <p class=\"vb-card-excerpt\">Short description of what the client needed and what was achieved. Keep this to 2\u20133 lines.<\/p>\r\n  <div class=\"vb-card-stats\">\r\n    <div>\r\n      <span class=\"vb-card-stat-val\">\u2014<\/span>\r\n      <span class=\"vb-card-stat-lbl\">Stat Label<\/span>\r\n    <\/div>\r\n    <div>\r\n      <span class=\"vb-card-stat-val\">\u2014<\/span>\r\n      <span class=\"vb-card-stat-lbl\">Stat Label<\/span>\r\n    <\/div>\r\n  <\/div>\r\n  <span class=\"vb-card-link\">Read Case Study<\/span>\r\n<\/a>\t\t\t\t<\/div>\n\t\t\t\t<\/div>\n\t\t\t\t<\/div>\n\t\t<div class=\"elementor-element elementor-element-5170796 e-con-full e-flex e-con e-child\" data-id=\"5170796\" data-element_type=\"container\" data-e-type=\"container\">\n\t\t\t\t<div class=\"elementor-element elementor-element-3d454f4 elementor-widget elementor-widget-html\" data-id=\"3d454f4\" data-element_type=\"widget\" data-e-type=\"widget\" data-widget_type=\"html.default\">\n\t\t\t\t<div class=\"elementor-widget-container\">\n\t\t\t\t\t<a class=\"vb-card-wrap\" href=\"#\">\r\n  <span class=\"vb-card-meta\">Service Area<\/span>\r\n  <h2 class=\"vb-card-title\">Case Study Title Goes Here<\/h2>\r\n  <p class=\"vb-card-excerpt\">Short description of what the client needed and what was achieved. Keep this to 2\u20133 lines.<\/p>\r\n  <div class=\"vb-card-stats\">\r\n    <div>\r\n      <span class=\"vb-card-stat-val\">\u2014<\/span>\r\n      <span class=\"vb-card-stat-lbl\">Stat Label<\/span>\r\n    <\/div>\r\n    <div>\r\n      <span class=\"vb-card-stat-val\">\u2014<\/span>\r\n      <span class=\"vb-card-stat-lbl\">Stat Label<\/span>\r\n    <\/div>\r\n  <\/div>\r\n  <span class=\"vb-card-link\">Read Case Study<\/span>\r\n<\/a>\t\t\t\t<\/div>\n\t\t\t\t<\/div>\n\t\t\t\t<\/div>\n\t\t<div class=\"elementor-element elementor-element-e987f17 e-con-full e-flex e-con e-child\" data-id=\"e987f17\" data-element_type=\"container\" data-e-type=\"container\">\n\t\t\t\t<div class=\"elementor-element elementor-element-c966fe9 elementor-widget elementor-widget-html\" data-id=\"c966fe9\" data-element_type=\"widget\" data-e-type=\"widget\" data-widget_type=\"html.default\">\n\t\t\t\t<div class=\"elementor-widget-container\">\n\t\t\t\t\t<a class=\"vb-card-wrap\" href=\"#\">\r\n  <span class=\"vb-card-meta\">Service Area<\/span>\r\n  <h2 class=\"vb-card-title\">Case Study Title Goes Here<\/h2>\r\n  <p class=\"vb-card-excerpt\">Short description of what the client needed and what was achieved. Keep this to 2\u20133 lines.<\/p>\r\n  <div class=\"vb-card-stats\">\r\n    <div>\r\n      <span class=\"vb-card-stat-val\">\u2014<\/span>\r\n      <span class=\"vb-card-stat-lbl\">Stat Label<\/span>\r\n    <\/div>\r\n    <div>\r\n      <span class=\"vb-card-stat-val\">\u2014<\/span>\r\n      <span class=\"vb-card-stat-lbl\">Stat Label<\/span>\r\n    <\/div>\r\n  <\/div>\r\n  <span class=\"vb-card-link\">Read Case Study<\/span>\r\n<\/a>\t\t\t\t<\/div>\n\t\t\t\t<\/div>\n\t\t\t\t<\/div>\n\t\t\t\t<\/div>\n\t\t<div class=\"elementor-element elementor-element-3bdcb61 e-con-full e-flex e-con e-child\" data-id=\"3bdcb61\" data-element_type=\"container\" data-e-type=\"container\">\n\t\t<div class=\"elementor-element elementor-element-929dbe6 e-con-full e-flex e-con e-child\" data-id=\"929dbe6\" data-element_type=\"container\" data-e-type=\"container\">\n\t\t\t\t<div class=\"elementor-element elementor-element-60f1b01 elementor-widget elementor-widget-html\" data-id=\"60f1b01\" data-element_type=\"widget\" data-e-type=\"widget\" data-widget_type=\"html.default\">\n\t\t\t\t<div class=\"elementor-widget-container\">\n\t\t\t\t\t<a class=\"vb-card-wrap\" href=\"#\">\r\n  <span class=\"vb-card-meta\">Service Area<\/span>\r\n  <h2 class=\"vb-card-title\">Case Study Title Goes Here<\/h2>\r\n  <p class=\"vb-card-excerpt\">Short description of what the client needed and what was achieved. Keep this to 2\u20133 lines.<\/p>\r\n  <div class=\"vb-card-stats\">\r\n    <div>\r\n      <span class=\"vb-card-stat-val\">\u2014<\/span>\r\n      <span class=\"vb-card-stat-lbl\">Stat Label<\/span>\r\n    <\/div>\r\n    <div>\r\n      <span class=\"vb-card-stat-val\">\u2014<\/span>\r\n      <span class=\"vb-card-stat-lbl\">Stat Label<\/span>\r\n    <\/div>\r\n  <\/div>\r\n  <span class=\"vb-card-link\">Read Case Study<\/span>\r\n<\/a>\t\t\t\t<\/div>\n\t\t\t\t<\/div>\n\t\t\t\t<\/div>\n\t\t<div class=\"elementor-element elementor-element-72b8743 e-con-full e-flex e-con e-child\" data-id=\"72b8743\" data-element_type=\"container\" data-e-type=\"container\">\n\t\t\t\t<div class=\"elementor-element elementor-element-887cb50 elementor-widget elementor-widget-html\" data-id=\"887cb50\" data-element_type=\"widget\" data-e-type=\"widget\" data-widget_type=\"html.default\">\n\t\t\t\t<div class=\"elementor-widget-container\">\n\t\t\t\t\t<a class=\"vb-card-wrap\" href=\"#\">\r\n  <span class=\"vb-card-meta\">Service Area<\/span>\r\n  <h2 class=\"vb-card-title\">Case Study Title Goes Here<\/h2>\r\n  <p class=\"vb-card-excerpt\">Short description of what the client needed and what was achieved. Keep this to 2\u20133 lines.<\/p>\r\n  <div class=\"vb-card-stats\">\r\n    <div>\r\n      <span class=\"vb-card-stat-val\">\u2014<\/span>\r\n      <span class=\"vb-card-stat-lbl\">Stat Label<\/span>\r\n    <\/div>\r\n    <div>\r\n      <span class=\"vb-card-stat-val\">\u2014<\/span>\r\n      <span class=\"vb-card-stat-lbl\">Stat Label<\/span>\r\n    <\/div>\r\n  <\/div>\r\n  <span class=\"vb-card-link\">Read Case Study<\/span>\r\n<\/a>\t\t\t\t<\/div>\n\t\t\t\t<\/div>\n\t\t\t\t<\/div>\n\t\t<div class=\"elementor-element elementor-element-52549de e-con-full e-flex e-con e-child\" data-id=\"52549de\" data-element_type=\"container\" data-e-type=\"container\">\n\t\t\t\t<div class=\"elementor-element elementor-element-7652c1d elementor-widget elementor-widget-html\" data-id=\"7652c1d\" data-element_type=\"widget\" data-e-type=\"widget\" data-widget_type=\"html.default\">\n\t\t\t\t<div class=\"elementor-widget-container\">\n\t\t\t\t\t<a class=\"vb-card-wrap\" href=\"#\">\r\n  <span class=\"vb-card-meta\">Service Area<\/span>\r\n  <h2 class=\"vb-card-title\">Case Study Title Goes Here<\/h2>\r\n  <p class=\"vb-card-excerpt\">Short description of what the client needed and what was achieved. Keep this to 2\u20133 lines.<\/p>\r\n  <div class=\"vb-card-stats\">\r\n    <div>\r\n      <span class=\"vb-card-stat-val\">\u2014<\/span>\r\n      <span class=\"vb-card-stat-lbl\">Stat Label<\/span>\r\n    <\/div>\r\n    <div>\r\n      <span class=\"vb-card-stat-val\">\u2014<\/span>\r\n      <span class=\"vb-card-stat-lbl\">Stat Label<\/span>\r\n    <\/div>\r\n  <\/div>\r\n  <span class=\"vb-card-link\">Read Case Study<\/span>\r\n<\/a>\t\t\t\t<\/div>\n\t\t\t\t<\/div>\n\t\t\t\t<\/div>\n\t\t\t\t<\/div>\n\t\t\t\t\t<\/div>\n\t\t\t\t<\/div>\n\t\t\t\t<\/div>","protected":false},"excerpt":{"rendered":"<p>Home BOI Company \u00b7 Corporate Setup Full BOI Application &amp; Company Registration for a European Tech Startup in Bangkok A French software company needed 100% foreign ownership, BOI promotion approval, and work permits for five executives \u2014 all within four months before their regional launch deadline. 4 Mo. BOI Approval 100% Foreign Ownership 5 Work [&hellip;]<\/p>","protected":false},"author":1,"featured_media":0,"parent":0,"menu_order":0,"comment_status":"closed","ping_status":"closed","template":"","meta":{"footnotes":""},"class_list":["post-14103","page","type-page","status-publish","hentry"],"_links":{"self":[{"href":"https:\/\/vbapartners.com\/fr\/wp-json\/wp\/v2\/pages\/14103","targetHints":{"allow":["GET"]}}],"collection":[{"href":"https:\/\/vbapartners.com\/fr\/wp-json\/wp\/v2\/pages"}],"about":[{"href":"https:\/\/vbapartners.com\/fr\/wp-json\/wp\/v2\/types\/page"}],"author":[{"embeddable":true,"href":"https:\/\/vbapartners.com\/fr\/wp-json\/wp\/v2\/users\/1"}],"replies":[{"embeddable":true,"href":"https:\/\/vbapartners.com\/fr\/wp-json\/wp\/v2\/comments?post=14103"}],"version-history":[{"count":16,"href":"https:\/\/vbapartners.com\/fr\/wp-json\/wp\/v2\/pages\/14103\/revisions"}],"predecessor-version":[{"id":14138,"href":"https:\/\/vbapartners.com\/fr\/wp-json\/wp\/v2\/pages\/14103\/revisions\/14138"}],"wp:attachment":[{"href":"https:\/\/vbapartners.com\/fr\/wp-json\/wp\/v2\/media?parent=14103"}],"curies":[{"name":"wp","href":"https:\/\/api.w.org\/{rel}","templated":true}]}}